{"id":1303,"date":"2025-11-06T07:45:22","date_gmt":"2025-11-06T12:45:22","guid":{"rendered":"https:\/\/masterderol.site\/?page_id=1303"},"modified":"2025-11-12T12:11:04","modified_gmt":"2025-11-12T17:11:04","slug":"contacto","status":"publish","type":"page","link":"https:\/\/masterderol.site\/?page_id=1303","title":{"rendered":"Contacto"},"content":{"rendered":"\t\t<div data-elementor-type=\"wp-page\" data-elementor-id=\"1303\" class=\"elementor elementor-1303\">\n\t\t\t\t<div class=\"elementor-element elementor-element-c43eb15 e-con-full e-flex e-con e-parent\" data-id=\"c43eb15\" data-element_type=\"container\" data-settings=\"{&quot;background_background&quot;:&quot;classic&quot;}\">\n\t\t<div class=\"elementor-element elementor-element-de6f00c e-flex e-con-boxed e-con e-child\" data-id=\"de6f00c\" data-element_type=\"container\">\n\t\t\t\t\t<div class=\"e-con-inner\">\n\t\t\t\t<div class=\"elementor-element elementor-element-b8f6fd4 elementor-widget elementor-widget-heading\" data-id=\"b8f6fd4\" data-element_type=\"widget\" data-widget_type=\"heading.default\">\n\t\t\t\t\t<h1 class=\"elementor-heading-title elementor-size-default\">\u00bfDe qu\u00e9 Quieres Que Hablemos?<\/h1>\t\t\t\t<\/div>\n\t\t<div class=\"elementor-element elementor-element-169c98e e-con-full e-flex e-con e-child\" data-id=\"169c98e\" data-element_type=\"container\">\n\t\t<div class=\"elementor-element elementor-element-3043533 e-con-full e-flex e-con e-child\" data-id=\"3043533\" data-element_type=\"container\">\n\t\t\t\t<div class=\"elementor-element elementor-element-69afea9 elementor-position-top elementor-widget elementor-widget-image-box\" data-id=\"69afea9\" data-element_type=\"widget\" data-widget_type=\"image-box.default\">\n\t\t\t\t\t<div class=\"elementor-image-box-wrapper\"><figure class=\"elementor-image-box-img\"><a href=\"#\" tabindex=\"-1\"><img fetchpriority=\"high\" decoding=\"async\" width=\"2560\" height=\"1928\" src=\"https:\/\/masterderol.site\/wp-content\/uploads\/2025\/11\/IMG_20250222_133316376-scaled.jpg\" class=\"elementor-animation-grow attachment-full size-full wp-image-1271\" alt=\"\" srcset=\"https:\/\/masterderol.site\/wp-content\/uploads\/2025\/11\/IMG_20250222_133316376-scaled.jpg 2560w, https:\/\/masterderol.site\/wp-content\/uploads\/2025\/11\/IMG_20250222_133316376-300x226.jpg 300w, https:\/\/masterderol.site\/wp-content\/uploads\/2025\/11\/IMG_20250222_133316376-1024x771.jpg 1024w, https:\/\/masterderol.site\/wp-content\/uploads\/2025\/11\/IMG_20250222_133316376-768x578.jpg 768w, https:\/\/masterderol.site\/wp-content\/uploads\/2025\/11\/IMG_20250222_133316376-1536x1157.jpg 1536w, https:\/\/masterderol.site\/wp-content\/uploads\/2025\/11\/IMG_20250222_133316376-2048x1542.jpg 2048w\" sizes=\"(max-width: 2560px) 100vw, 2560px\" \/><\/a><\/figure><div class=\"elementor-image-box-content\"><h4 class=\"elementor-image-box-title\"><a href=\"#\">Talleres y Cursos<\/a><\/h4><p class=\"elementor-image-box-description\">Quiero saber m\u00e1s del curso de M\u00e1ster de Rol, o quiero dictar un curso o un taller para un grupo o comunidad.<\/p><\/div><\/div>\t\t\t\t<\/div>\n\t\t\t\t<\/div>\n\t\t<div class=\"elementor-element elementor-element-4142283 e-con-full e-flex e-con e-child\" data-id=\"4142283\" data-element_type=\"container\">\n\t\t\t\t<div class=\"elementor-element elementor-element-40e06ed elementor-position-top elementor-widget elementor-widget-image-box\" data-id=\"40e06ed\" data-element_type=\"widget\" data-widget_type=\"image-box.default\">\n\t\t\t\t\t<div class=\"elementor-image-box-wrapper\"><figure class=\"elementor-image-box-img\"><a href=\"#\" tabindex=\"-1\"><img decoding=\"async\" width=\"1200\" height=\"1600\" src=\"https:\/\/masterderol.site\/wp-content\/uploads\/2025\/11\/WhatsApp-Image-2025-10-14-at-2.39.03-PM.jpeg\" class=\"elementor-animation-grow attachment-full size-full wp-image-1269\" alt=\"\" srcset=\"https:\/\/masterderol.site\/wp-content\/uploads\/2025\/11\/WhatsApp-Image-2025-10-14-at-2.39.03-PM.jpeg 1200w, https:\/\/masterderol.site\/wp-content\/uploads\/2025\/11\/WhatsApp-Image-2025-10-14-at-2.39.03-PM-225x300.jpeg 225w, https:\/\/masterderol.site\/wp-content\/uploads\/2025\/11\/WhatsApp-Image-2025-10-14-at-2.39.03-PM-768x1024.jpeg 768w, https:\/\/masterderol.site\/wp-content\/uploads\/2025\/11\/WhatsApp-Image-2025-10-14-at-2.39.03-PM-1152x1536.jpeg 1152w\" sizes=\"(max-width: 1200px) 100vw, 1200px\" \/><\/a><\/figure><div class=\"elementor-image-box-content\"><h4 class=\"elementor-image-box-title\"><a href=\"#\">Conferencias<\/a><\/h4><p class=\"elementor-image-box-description\">Quiero que me ayudes con una ponencia, charla o conferencia, bien sea para un equipo o en un evento.<\/p><\/div><\/div>\t\t\t\t<\/div>\n\t\t\t\t<\/div>\n\t\t<div class=\"elementor-element elementor-element-4444c68 e-con-full e-flex e-con e-child\" data-id=\"4444c68\" data-element_type=\"container\">\n\t\t\t\t<div class=\"elementor-element elementor-element-2b5e0c5 elementor-position-top elementor-widget elementor-widget-image-box\" data-id=\"2b5e0c5\" data-element_type=\"widget\" data-widget_type=\"image-box.default\">\n\t\t\t\t\t<div class=\"elementor-image-box-wrapper\"><figure class=\"elementor-image-box-img\"><a href=\"#\" tabindex=\"-1\"><img decoding=\"async\" width=\"719\" height=\"539\" src=\"https:\/\/masterderol.site\/wp-content\/uploads\/2025\/11\/20250501-Gates-of-Krystalia-1.png\" class=\"elementor-animation-grow attachment-full size-full wp-image-1466\" alt=\"\" srcset=\"https:\/\/masterderol.site\/wp-content\/uploads\/2025\/11\/20250501-Gates-of-Krystalia-1.png 719w, https:\/\/masterderol.site\/wp-content\/uploads\/2025\/11\/20250501-Gates-of-Krystalia-1-300x225.png 300w\" sizes=\"(max-width: 719px) 100vw, 719px\" \/><\/a><\/figure><div class=\"elementor-image-box-content\"><h4 class=\"elementor-image-box-title\"><a href=\"#\">Contenido Patrocinado<\/a><\/h4><p class=\"elementor-image-box-description\">Quiero que me ayudes a promocionar mi marca a trav\u00e9s de tus redes sociales.<\/p><\/div><\/div>\t\t\t\t<\/div>\n\t\t\t\t<\/div>\n\t\t<div class=\"elementor-element elementor-element-59cc9d8 e-con-full e-flex e-con e-child\" data-id=\"59cc9d8\" data-element_type=\"container\">\n\t\t\t\t<div class=\"elementor-element elementor-element-60f924b elementor-position-top elementor-widget elementor-widget-image-box\" data-id=\"60f924b\" data-element_type=\"widget\" data-widget_type=\"image-box.default\">\n\t\t\t\t\t<div class=\"elementor-image-box-wrapper\"><figure class=\"elementor-image-box-img\"><a href=\"#\" tabindex=\"-1\"><img loading=\"lazy\" decoding=\"async\" width=\"1536\" height=\"1024\" src=\"https:\/\/masterderol.site\/wp-content\/uploads\/2025\/11\/f4e556ed-00e5-4724-b6af-a4135894458c.png\" class=\"elementor-animation-grow attachment-full size-full wp-image-1702\" alt=\"\" srcset=\"https:\/\/masterderol.site\/wp-content\/uploads\/2025\/11\/f4e556ed-00e5-4724-b6af-a4135894458c.png 1536w, https:\/\/masterderol.site\/wp-content\/uploads\/2025\/11\/f4e556ed-00e5-4724-b6af-a4135894458c-300x200.png 300w, https:\/\/masterderol.site\/wp-content\/uploads\/2025\/11\/f4e556ed-00e5-4724-b6af-a4135894458c-1024x683.png 1024w, https:\/\/masterderol.site\/wp-content\/uploads\/2025\/11\/f4e556ed-00e5-4724-b6af-a4135894458c-768x512.png 768w\" sizes=\"(max-width: 1536px) 100vw, 1536px\" \/><\/a><\/figure><div class=\"elementor-image-box-content\"><h4 class=\"elementor-image-box-title\"><a href=\"#\">Proyectos<\/a><\/h4><p class=\"elementor-image-box-description\">Quiero saber m\u00e1s de los proyectos de M\u00e1ster de Rol, o quiero ser parte de ellos.<\/p><\/div><\/div>\t\t\t\t<\/div>\n\t\t\t\t<\/div>\n\t\t\t\t<\/div>\n\t\t\t\t\t<\/div>\n\t\t\t\t<\/div>\n\t\t\t\t<\/div>\n\t\t<div class=\"elementor-element elementor-element-391b1b7 e-con-full e-flex e-con e-parent\" data-id=\"391b1b7\" data-element_type=\"container\">\n\t\t<div class=\"elementor-element elementor-element-f9d5f13 e-flex e-con-boxed e-con e-child\" data-id=\"f9d5f13\" data-element_type=\"container\">\n\t\t\t\t\t<div class=\"e-con-inner\">\n\t\t<div class=\"elementor-element elementor-element-c207a87 e-con-full e-flex e-con e-child\" data-id=\"c207a87\" data-element_type=\"container\" data-settings=\"{&quot;background_background&quot;:&quot;classic&quot;}\">\n\t\t\t\t<div class=\"elementor-element elementor-element-28164dd elementor-widget elementor-widget-heading\" data-id=\"28164dd\" data-element_type=\"widget\" data-widget_type=\"heading.default\">\n\t\t\t\t\t<h2 class=\"elementor-heading-title elementor-size-default\">Escr\u00edbenos<\/h2>\t\t\t\t<\/div>\n\t\t\t\t<div class=\"elementor-element elementor-element-d21c507 elementor-widget elementor-widget-wpforms\" data-id=\"d21c507\" data-element_type=\"widget\" data-widget_type=\"wpforms.default\">\n\t\t\t\t<div class=\"elementor-widget-container\">\n\t\t\t\t\t<style id=\"wpforms-css-vars-elementor-widget-d21c507\">\n\t\t\t\t.elementor-widget-wpforms.elementor-element-d21c507 {\n\t\t\t\t--wpforms-label-color: #E9D0B7;\n--wpforms-button-border-radius: 10px;\n--wpforms-button-background-color: #E9D0B7;\n--wpforms-button-text-color: #422918;\n\t\t\t}\n\t\t\t<\/style><div class=\"wpforms-container wpforms-container-full wpforms-render-modern\" id=\"wpforms-1256\"><form id=\"wpforms-form-1256\" class=\"wpforms-validate wpforms-form wpforms-ajax-form\" data-formid=\"1256\" method=\"post\" enctype=\"multipart\/form-data\" action=\"\/index.php?rest_route=%2Fwp%2Fv2%2Fpages%2F1303\" data-token=\"6792105a649ae1b9f93a6826cbe78229\" data-token-time=\"1777638627\"><noscript class=\"wpforms-error-noscript\">Please enable JavaScript in your browser to complete this form.<\/noscript><div id=\"wpforms-error-noscript\" style=\"display: none;\">Please enable JavaScript in your browser to complete this form.<\/div><div class=\"wpforms-field-container\">\t\t<div id=\"wpforms-1256-field_4-container\"\n\t\t\tclass=\"wpforms-field wpforms-field-text\"\n\t\t\tdata-field-type=\"text\"\n\t\t\tdata-field-id=\"4\"\n\t\t\t>\n\t\t\t<label class=\"wpforms-field-label\" for=\"wpforms-1256-field_4\" >Mensaje Nombre Comentario<\/label>\n\t\t\t<input type=\"text\" id=\"wpforms-1256-field_4\" class=\"wpforms-field-medium\" name=\"wpforms[fields][4]\" >\n\t\t<\/div>\n\t\t<div id=\"wpforms-1256-field_1-container\" class=\"wpforms-field wpforms-field-name\" data-field-id=\"1\"><label class=\"wpforms-field-label\" for=\"wpforms-1256-field_1\">Nombre <span class=\"wpforms-required-label\" aria-hidden=\"true\">*<\/span><\/label><input type=\"text\" id=\"wpforms-1256-field_1\" class=\"wpforms-field-medium wpforms-field-required\" name=\"wpforms[fields][1]\" aria-errormessage=\"wpforms-1256-field_1-error\" required><\/div><div id=\"wpforms-1256-field_2-container\" class=\"wpforms-field wpforms-field-email\" data-field-id=\"2\"><label class=\"wpforms-field-label\" for=\"wpforms-1256-field_2\">Correo Electr\u00f3nico <span class=\"wpforms-required-label\" aria-hidden=\"true\">*<\/span><\/label><input type=\"email\" id=\"wpforms-1256-field_2\" class=\"wpforms-field-medium wpforms-field-required\" name=\"wpforms[fields][2]\" spellcheck=\"false\" aria-errormessage=\"wpforms-1256-field_2-error\" required><\/div><div id=\"wpforms-1256-field_3-container\" class=\"wpforms-field wpforms-field-textarea\" data-field-id=\"3\"><label class=\"wpforms-field-label\" for=\"wpforms-1256-field_3\">Comentario o Mensaje<\/label><textarea id=\"wpforms-1256-field_3\" class=\"wpforms-field-medium\" name=\"wpforms[fields][3]\" aria-errormessage=\"wpforms-1256-field_3-error\" ><\/textarea><\/div><script>\n\t\t\t\t( function() {\n\t\t\t\t\tconst style = document.createElement( 'style' );\n\t\t\t\t\tstyle.appendChild( document.createTextNode( '#wpforms-1256-field_4-container { position: absolute !important; overflow: hidden !important; display: inline !important; height: 1px !important; width: 1px !important; z-index: -1000 !important; padding: 0 !important; } #wpforms-1256-field_4-container input { visibility: hidden; } #wpforms-conversational-form-page #wpforms-1256-field_4-container label { counter-increment: none; }' ) );\n\t\t\t\t\tdocument.head.appendChild( style );\n\t\t\t\t\tdocument.currentScript?.remove();\n\t\t\t\t} )();\n\t\t\t<\/script><\/div><!-- .wpforms-field-container --><div class=\"wpforms-submit-container\" ><input type=\"hidden\" name=\"wpforms[id]\" value=\"1256\"><input type=\"hidden\" name=\"page_title\" value=\"\"><input type=\"hidden\" name=\"page_url\" value=\"https:\/\/masterderol.site\/index.php?rest_route=\/wp\/v2\/pages\/1303\"><input type=\"hidden\" name=\"url_referer\" value=\"\"><button type=\"submit\" name=\"wpforms[submit]\" id=\"wpforms-submit-1256\" class=\"wpforms-submit\" data-alt-text=\"Sending...\" data-submit-text=\"Submit\" aria-live=\"assertive\" value=\"wpforms-submit\">Submit<\/button><img loading=\"lazy\" decoding=\"async\" src=\"https:\/\/masterderol.site\/wp-content\/plugins\/wpforms-lite\/assets\/images\/submit-spin.svg\" class=\"wpforms-submit-spinner\" style=\"display: none;\" width=\"26\" height=\"26\" alt=\"Loading\"><\/div><\/form><\/div>  <!-- .wpforms-container -->\t\t\t\t<\/div>\n\t\t\t\t<\/div>\n\t\t\t\t<\/div>\n\t\t<div class=\"elementor-element elementor-element-0199c5a e-con-full e-flex e-con e-child\" data-id=\"0199c5a\" data-element_type=\"container\">\n\t\t<div class=\"elementor-element elementor-element-c95660a e-con-full e-flex e-con e-child\" data-id=\"c95660a\" data-element_type=\"container\" data-settings=\"{&quot;background_background&quot;:&quot;classic&quot;}\">\n\t\t\t\t<div class=\"elementor-element elementor-element-08f43ae elementor-widget elementor-widget-heading\" data-id=\"08f43ae\" data-element_type=\"widget\" data-widget_type=\"heading.default\">\n\t\t\t\t\t<h1 class=\"elementor-heading-title elementor-size-default\">\u00a1\u00danete a la Academia!<\/h1>\t\t\t\t<\/div>\n\t\t\t\t<div class=\"elementor-element elementor-element-3b1e3df elementor-widget__width-initial elementor-widget elementor-widget-text-editor\" data-id=\"3b1e3df\" data-element_type=\"widget\" data-widget_type=\"text-editor.default\">\n\t\t\t\t\t\t\t\t\t<p>En la comunidad de Discord de M\u00e1ster de Rol encontrar\u00e1s espacios para jugar, coordinar mesas, adquirir u ofrecer productos y servicios, trabajar en proyectos y responder tus preguntas y compartir con la comunidad hispanoamericana de juegos de rol.<\/p>\t\t\t\t\t\t\t\t<\/div>\n\t\t<div class=\"elementor-element elementor-element-5888b8b e-con-full e-flex e-con e-child\" data-id=\"5888b8b\" data-element_type=\"container\">\n\t\t\t\t<div class=\"elementor-element elementor-element-40d314e elementor-widget elementor-widget-button\" data-id=\"40d314e\" data-element_type=\"widget\" data-widget_type=\"button.default\">\n\t\t\t\t\t\t\t\t\t\t<a class=\"elementor-button elementor-button-link elementor-size-sm\" href=\"https:\/\/masterderol.site\/?page_id=1796\">\n\t\t\t\t\t\t<span class=\"elementor-button-content-wrapper\">\n\t\t\t\t\t\t\t\t\t<span class=\"elementor-button-text\">Conoce m\u00e1s<\/span>\n\t\t\t\t\t<\/span>\n\t\t\t\t\t<\/a>\n\t\t\t\t\t\t\t\t<\/div>\n\t\t\t\t<div class=\"elementor-element elementor-element-645f86d elementor-widget elementor-widget-button\" data-id=\"645f86d\" data-element_type=\"widget\" data-widget_type=\"button.default\">\n\t\t\t\t\t\t\t\t\t\t<a class=\"elementor-button elementor-button-link elementor-size-sm\" href=\"https:\/\/discord.gg\/kEgdQG4yeB\">\n\t\t\t\t\t\t<span class=\"elementor-button-content-wrapper\">\n\t\t\t\t\t\t<span class=\"elementor-button-icon\">\n\t\t\t\t<svg aria-hidden=\"true\" class=\"e-font-icon-svg e-fab-discord\" viewBox=\"0 0 448 512\" xmlns=\"http:\/\/www.w3.org\/2000\/svg\"><path d=\"M297.216 243.2c0 15.616-11.52 28.416-26.112 28.416-14.336 0-26.112-12.8-26.112-28.416s11.52-28.416 26.112-28.416c14.592 0 26.112 12.8 26.112 28.416zm-119.552-28.416c-14.592 0-26.112 12.8-26.112 28.416s11.776 28.416 26.112 28.416c14.592 0 26.112-12.8 26.112-28.416.256-15.616-11.52-28.416-26.112-28.416zM448 52.736V512c-64.494-56.994-43.868-38.128-118.784-107.776l13.568 47.36H52.48C23.552 451.584 0 428.032 0 398.848V52.736C0 23.552 23.552 0 52.48 0h343.04C424.448 0 448 23.552 448 52.736zm-72.96 242.688c0-82.432-36.864-149.248-36.864-149.248-36.864-27.648-71.936-26.88-71.936-26.88l-3.584 4.096c43.52 13.312 63.744 32.512 63.744 32.512-60.811-33.329-132.244-33.335-191.232-7.424-9.472 4.352-15.104 7.424-15.104 7.424s21.248-20.224 67.328-33.536l-2.56-3.072s-35.072-.768-71.936 26.88c0 0-36.864 66.816-36.864 149.248 0 0 21.504 37.12 78.08 38.912 0 0 9.472-11.52 17.152-21.248-32.512-9.728-44.8-30.208-44.8-30.208 3.766 2.636 9.976 6.053 10.496 6.4 43.21 24.198 104.588 32.126 159.744 8.96 8.96-3.328 18.944-8.192 29.44-15.104 0 0-12.8 20.992-46.336 30.464 7.68 9.728 16.896 20.736 16.896 20.736 56.576-1.792 78.336-38.912 78.336-38.912z\"><\/path><\/svg>\t\t\t<\/span>\n\t\t\t\t\t\t\t\t\t<span class=\"elementor-button-text\">\u00danete<\/span>\n\t\t\t\t\t<\/span>\n\t\t\t\t\t<\/a>\n\t\t\t\t\t\t\t\t<\/div>\n\t\t\t\t<\/div>\n\t\t\t\t<\/div>\n\t\t\t\t<\/div>\n\t\t\t\t\t<\/div>\n\t\t\t\t<\/div>\n\t\t\t\t<\/div>\n\t\t<div class=\"elementor-element elementor-element-99910e3 e-flex e-con-boxed e-con e-parent\" data-id=\"99910e3\" data-element_type=\"container\" data-settings=\"{&quot;background_background&quot;:&quot;classic&quot;}\">\n\t\t\t\t\t<div class=\"e-con-inner\">\n\t\t<div class=\"elementor-element elementor-element-003e813 e-con-full e-flex e-con e-child\" data-id=\"003e813\" data-element_type=\"container\">\n\t\t\t\t<div class=\"elementor-element elementor-element-dc4a787 elementor-widget elementor-widget-heading\" data-id=\"dc4a787\" data-element_type=\"widget\" data-widget_type=\"heading.default\">\n\t\t\t\t\t<h1 class=\"elementor-heading-title elementor-size-default\">Redes Sociales<\/h1>\t\t\t\t<\/div>\n\t\t\t\t<\/div>\n\t\t<div class=\"elementor-element elementor-element-487083a e-con-full e-flex e-con e-child\" data-id=\"487083a\" data-element_type=\"container\">\n\t\t\t\t<div class=\"elementor-element elementor-element-6a13458 elementor-shape-rounded elementor-grid-0 e-grid-align-center elementor-widget elementor-widget-social-icons\" data-id=\"6a13458\" data-element_type=\"widget\" data-widget_type=\"social-icons.default\">\n\t\t\t\t\t\t\t<div class=\"elementor-social-icons-wrapper elementor-grid\" role=\"list\">\n\t\t\t\t\t\t\t<span class=\"elementor-grid-item\" role=\"listitem\">\n\t\t\t\t\t<a class=\"elementor-icon elementor-social-icon elementor-social-icon-instagram elementor-animation-pulse elementor-repeater-item-3734f13\" target=\"_blank\">\n\t\t\t\t\t\t<span class=\"elementor-screen-only\">Instagram<\/span>\n\t\t\t\t\t\t<svg aria-hidden=\"true\" class=\"e-font-icon-svg e-fab-instagram\" viewBox=\"0 0 448 512\" xmlns=\"http:\/\/www.w3.org\/2000\/svg\"><path d=\"M224.1 141c-63.6 0-114.9 51.3-114.9 114.9s51.3 114.9 114.9 114.9S339 319.5 339 255.9 287.7 141 224.1 141zm0 189.6c-41.1 0-74.7-33.5-74.7-74.7s33.5-74.7 74.7-74.7 74.7 33.5 74.7 74.7-33.6 74.7-74.7 74.7zm146.4-194.3c0 14.9-12 26.8-26.8 26.8-14.9 0-26.8-12-26.8-26.8s12-26.8 26.8-26.8 26.8 12 26.8 26.8zm76.1 27.2c-1.7-35.9-9.9-67.7-36.2-93.9-26.2-26.2-58-34.4-93.9-36.2-37-2.1-147.9-2.1-184.9 0-35.8 1.7-67.6 9.9-93.9 36.1s-34.4 58-36.2 93.9c-2.1 37-2.1 147.9 0 184.9 1.7 35.9 9.9 67.7 36.2 93.9s58 34.4 93.9 36.2c37 2.1 147.9 2.1 184.9 0 35.9-1.7 67.7-9.9 93.9-36.2 26.2-26.2 34.4-58 36.2-93.9 2.1-37 2.1-147.8 0-184.8zM398.8 388c-7.8 19.6-22.9 34.7-42.6 42.6-29.5 11.7-99.5 9-132.1 9s-102.7 2.6-132.1-9c-19.6-7.8-34.7-22.9-42.6-42.6-11.7-29.5-9-99.5-9-132.1s-2.6-102.7 9-132.1c7.8-19.6 22.9-34.7 42.6-42.6 29.5-11.7 99.5-9 132.1-9s102.7-2.6 132.1 9c19.6 7.8 34.7 22.9 42.6 42.6 11.7 29.5 9 99.5 9 132.1s2.7 102.7-9 132.1z\"><\/path><\/svg>\t\t\t\t\t<\/a>\n\t\t\t\t<\/span>\n\t\t\t\t\t\t\t<span class=\"elementor-grid-item\" role=\"listitem\">\n\t\t\t\t\t<a class=\"elementor-icon elementor-social-icon elementor-social-icon-tiktok elementor-animation-pulse elementor-repeater-item-576d7eb\" target=\"_blank\">\n\t\t\t\t\t\t<span class=\"elementor-screen-only\">Tiktok<\/span>\n\t\t\t\t\t\t<svg aria-hidden=\"true\" class=\"e-font-icon-svg e-fab-tiktok\" viewBox=\"0 0 448 512\" xmlns=\"http:\/\/www.w3.org\/2000\/svg\"><path d=\"M448,209.91a210.06,210.06,0,0,1-122.77-39.25V349.38A162.55,162.55,0,1,1,185,188.31V278.2a74.62,74.62,0,1,0,52.23,71.18V0l88,0a121.18,121.18,0,0,0,1.86,22.17h0A122.18,122.18,0,0,0,381,102.39a121.43,121.43,0,0,0,67,20.14Z\"><\/path><\/svg>\t\t\t\t\t<\/a>\n\t\t\t\t<\/span>\n\t\t\t\t\t\t\t<span class=\"elementor-grid-item\" role=\"listitem\">\n\t\t\t\t\t<a class=\"elementor-icon elementor-social-icon elementor-social-icon-youtube elementor-animation-pulse elementor-repeater-item-90cb4f8\" target=\"_blank\">\n\t\t\t\t\t\t<span class=\"elementor-screen-only\">Youtube<\/span>\n\t\t\t\t\t\t<svg aria-hidden=\"true\" class=\"e-font-icon-svg e-fab-youtube\" viewBox=\"0 0 576 512\" xmlns=\"http:\/\/www.w3.org\/2000\/svg\"><path d=\"M549.655 124.083c-6.281-23.65-24.787-42.276-48.284-48.597C458.781 64 288 64 288 64S117.22 64 74.629 75.486c-23.497 6.322-42.003 24.947-48.284 48.597-11.412 42.867-11.412 132.305-11.412 132.305s0 89.438 11.412 132.305c6.281 23.65 24.787 41.5 48.284 47.821C117.22 448 288 448 288 448s170.78 0 213.371-11.486c23.497-6.321 42.003-24.171 48.284-47.821 11.412-42.867 11.412-132.305 11.412-132.305s0-89.438-11.412-132.305zm-317.51 213.508V175.185l142.739 81.205-142.739 81.201z\"><\/path><\/svg>\t\t\t\t\t<\/a>\n\t\t\t\t<\/span>\n\t\t\t\t\t\t\t<span class=\"elementor-grid-item\" role=\"listitem\">\n\t\t\t\t\t<a class=\"elementor-icon elementor-social-icon elementor-social-icon-discord elementor-animation-pulse elementor-repeater-item-581fb53\" target=\"_blank\">\n\t\t\t\t\t\t<span class=\"elementor-screen-only\">Discord<\/span>\n\t\t\t\t\t\t<svg aria-hidden=\"true\" class=\"e-font-icon-svg e-fab-discord\" viewBox=\"0 0 448 512\" xmlns=\"http:\/\/www.w3.org\/2000\/svg\"><path d=\"M297.216 243.2c0 15.616-11.52 28.416-26.112 28.416-14.336 0-26.112-12.8-26.112-28.416s11.52-28.416 26.112-28.416c14.592 0 26.112 12.8 26.112 28.416zm-119.552-28.416c-14.592 0-26.112 12.8-26.112 28.416s11.776 28.416 26.112 28.416c14.592 0 26.112-12.8 26.112-28.416.256-15.616-11.52-28.416-26.112-28.416zM448 52.736V512c-64.494-56.994-43.868-38.128-118.784-107.776l13.568 47.36H52.48C23.552 451.584 0 428.032 0 398.848V52.736C0 23.552 23.552 0 52.48 0h343.04C424.448 0 448 23.552 448 52.736zm-72.96 242.688c0-82.432-36.864-149.248-36.864-149.248-36.864-27.648-71.936-26.88-71.936-26.88l-3.584 4.096c43.52 13.312 63.744 32.512 63.744 32.512-60.811-33.329-132.244-33.335-191.232-7.424-9.472 4.352-15.104 7.424-15.104 7.424s21.248-20.224 67.328-33.536l-2.56-3.072s-35.072-.768-71.936 26.88c0 0-36.864 66.816-36.864 149.248 0 0 21.504 37.12 78.08 38.912 0 0 9.472-11.52 17.152-21.248-32.512-9.728-44.8-30.208-44.8-30.208 3.766 2.636 9.976 6.053 10.496 6.4 43.21 24.198 104.588 32.126 159.744 8.96 8.96-3.328 18.944-8.192 29.44-15.104 0 0-12.8 20.992-46.336 30.464 7.68 9.728 16.896 20.736 16.896 20.736 56.576-1.792 78.336-38.912 78.336-38.912z\"><\/path><\/svg>\t\t\t\t\t<\/a>\n\t\t\t\t<\/span>\n\t\t\t\t\t<\/div>\n\t\t\t\t\t\t<\/div>\n\t\t\t\t<\/div>\n\t\t\t\t\t<\/div>\n\t\t\t\t<\/div>\n\t\t\t\t<\/div>\n\t\t","protected":false},"excerpt":{"rendered":"<p>\u00bfDe qu\u00e9 Quieres Que Hablemos? Talleres y Cursos Quiero saber m\u00e1s del curso de M\u00e1ster de Rol, o quiero dictar un curso o un taller para un grupo o comunidad. Conferencias Quiero que me ayudes con una ponencia, charla o conferencia, bien sea para un equipo o en un evento. Contenido Patrocinado Quiero que me [&hellip;]<\/p>\n","protected":false},"author":1,"featured_media":0,"parent":0,"menu_order":0,"comment_status":"closed","ping_status":"closed","template":"elementor_header_footer","meta":{"om_disable_all_campaigns":false,"inline_featured_image":false,"_monsterinsights_skip_tracking":false,"_monsterinsights_sitenote_active":false,"_monsterinsights_sitenote_note":"","_monsterinsights_sitenote_category":0,"_uf_show_specific_survey":0,"_uf_disable_surveys":false,"footnotes":""},"class_list":["post-1303","page","type-page","status-publish","hentry"],"aioseo_notices":[],"_links":{"self":[{"href":"https:\/\/masterderol.site\/index.php?rest_route=\/wp\/v2\/pages\/1303","targetHints":{"allow":["GET"]}}],"collection":[{"href":"https:\/\/masterderol.site\/index.php?rest_route=\/wp\/v2\/pages"}],"about":[{"href":"https:\/\/masterderol.site\/index.php?rest_route=\/wp\/v2\/types\/page"}],"author":[{"embeddable":true,"href":"https:\/\/masterderol.site\/index.php?rest_route=\/wp\/v2\/users\/1"}],"replies":[{"embeddable":true,"href":"https:\/\/masterderol.site\/index.php?rest_route=%2Fwp%2Fv2%2Fcomments&post=1303"}],"version-history":[{"count":40,"href":"https:\/\/masterderol.site\/index.php?rest_route=\/wp\/v2\/pages\/1303\/revisions"}],"predecessor-version":[{"id":1816,"href":"https:\/\/masterderol.site\/index.php?rest_route=\/wp\/v2\/pages\/1303\/revisions\/1816"}],"wp:attachment":[{"href":"https:\/\/masterderol.site\/index.php?rest_route=%2Fwp%2Fv2%2Fmedia&parent=1303"}],"curies":[{"name":"wp","href":"https:\/\/api.w.org\/{rel}","templated":true}]}}